{"id":250,"date":"2022-03-14T16:46:32","date_gmt":"2022-03-14T16:46:32","guid":{"rendered":"https:\/\/www.unleserlich.info\/?page_id=250"},"modified":"2022-03-23T07:09:03","modified_gmt":"2022-03-23T07:09:03","slug":"infos-fuer-gastgeber-ukrainischer-fluechtlinge","status":"publish","type":"page","link":"https:\/\/www.unleserlich.info\/?page_id=250","title":{"rendered":"Infos f\u00fcr Gastgeber Ukrainischer Gefl\u00fcchteter"},"content":{"rendered":"\n<p>Vor etwas \u00fcber einer Woche sind wir sehr spontan eine Gastfamilie f\u00fcr Raja aus der Ukraine geworden. Auf dieser Seite versuche ich, alle wichtigen Informationen zusammenzutragen, die man zum Start als Gastfamilie ben\u00f6tigt. Einige dieser Informationen sind ggf. nur f\u00fcr Werne relevant, einiges vielleicht speziell f\u00fcr den Kreis Unna.<\/p>\n\n\n\n<p><\/p>\n\n\n\n<div id=\"ez-toc-container\" class=\"ez-toc-v2_0_82_2 counter-hierarchy ez-toc-counter ez-toc-grey ez-toc-container-direction\">\n<p class=\"ez-toc-title\" style=\"cursor:inherit\">Inhaltsverzeichnis<\/p>\n<label for=\"ez-toc-cssicon-toggle-item-69e34020ef42c\" class=\"ez-toc-cssicon-toggle-label\"><span class=\"\"><span class=\"eztoc-hide\" style=\"display:none;\">Toggle<\/span><span class=\"ez-toc-icon-toggle-span\"><svg style=\"fill: #999;color:#999\" xmlns=\"http:\/\/www.w3.org\/2000\/svg\" class=\"list-377408\" width=\"20px\" height=\"20px\" viewBox=\"0 0 24 24\" fill=\"none\"><path d=\"M6 6H4v2h2V6zm14 0H8v2h12V6zM4 11h2v2H4v-2zm16 0H8v2h12v-2zM4 16h2v2H4v-2zm16 0H8v2h12v-2z\" fill=\"currentColor\"><\/path><\/svg><svg style=\"fill: #999;color:#999\" class=\"arrow-unsorted-368013\" xmlns=\"http:\/\/www.w3.org\/2000\/svg\" width=\"10px\" height=\"10px\" viewBox=\"0 0 24 24\" version=\"1.2\" baseProfile=\"tiny\"><path d=\"M18.2 9.3l-6.2-6.3-6.2 6.3c-.2.2-.3.4-.3.7s.1.5.3.7c.2.2.4.3.7.3h11c.3 0 .5-.1.7-.3.2-.2.3-.5.3-.7s-.1-.5-.3-.7zM5.8 14.7l6.2 6.3 6.2-6.3c.2-.2.3-.5.3-.7s-.1-.5-.3-.7c-.2-.2-.4-.3-.7-.3h-11c-.3 0-.5.1-.7.3-.2.2-.3.5-.3.7s.1.5.3.7z\"\/><\/svg><\/span><\/span><\/label><input type=\"checkbox\"  id=\"ez-toc-cssicon-toggle-item-69e34020ef42c\"  aria-label=\"Toggle\" \/><nav><ul class='ez-toc-list ez-toc-list-level-1 ' ><li class='ez-toc-page-1 ez-toc-heading-level-1'><a class=\"ez-toc-link ez-toc-heading-1\" href=\"https:\/\/www.unleserlich.info\/?page_id=250\/#Behoerdengaenge\" >Beh\u00f6rdeng\u00e4nge<\/a><\/li><li class='ez-toc-page-1 ez-toc-heading-level-1'><a class=\"ez-toc-link ez-toc-heading-2\" href=\"https:\/\/www.unleserlich.info\/?page_id=250\/#Telefon\" >Telefon<\/a><\/li><li class='ez-toc-page-1 ez-toc-heading-level-1'><a class=\"ez-toc-link ez-toc-heading-3\" href=\"https:\/\/www.unleserlich.info\/?page_id=250\/#Sprache\" >Sprache<\/a><ul class='ez-toc-list-level-2' ><li class='ez-toc-heading-level-2'><a class=\"ez-toc-link ez-toc-heading-4\" href=\"https:\/\/www.unleserlich.info\/?page_id=250\/#Apps\" >Apps<\/a><\/li><li class='ez-toc-page-1 ez-toc-heading-level-2'><a class=\"ez-toc-link ez-toc-heading-5\" href=\"https:\/\/www.unleserlich.info\/?page_id=250\/#Lernmaterial\" >Lernmaterial<\/a><\/li><\/ul><\/li><li class='ez-toc-page-1 ez-toc-heading-level-1'><a class=\"ez-toc-link ez-toc-heading-6\" href=\"https:\/\/www.unleserlich.info\/?page_id=250\/#Erstausstattung\" >Erstausstattung<\/a><\/li><li class='ez-toc-page-1 ez-toc-heading-level-1'><a class=\"ez-toc-link ez-toc-heading-7\" href=\"https:\/\/www.unleserlich.info\/?page_id=250\/#Kultureller_Austausch\" >Kultureller Austausch<\/a><\/li><li class='ez-toc-page-1 ez-toc-heading-level-1'><a class=\"ez-toc-link ez-toc-heading-8\" href=\"https:\/\/www.unleserlich.info\/?page_id=250\/#Arztbesuch\" >Arztbesuch<\/a><\/li><li class='ez-toc-page-1 ez-toc-heading-level-1'><a class=\"ez-toc-link ez-toc-heading-9\" href=\"https:\/\/www.unleserlich.info\/?page_id=250\/#Verschiedenes\" >Verschiedenes<\/a><\/li><li class='ez-toc-page-1 ez-toc-heading-level-1'><a class=\"ez-toc-link ez-toc-heading-10\" href=\"https:\/\/www.unleserlich.info\/?page_id=250\/#Links\" >Links<\/a><\/li><\/ul><\/nav><\/div>\n<h1><span class=\"ez-toc-section\" id=\"Behoerdengaenge\"><\/span>Beh\u00f6rdeng\u00e4nge<span class=\"ez-toc-section-end\"><\/span><\/h1>\n\n\n\n<p>Erste Frage nach dem ersten gemeinsamen Wochenende: M\u00fcssen wir Raja bei der Stadt melden? Gibt es finanzielle Unterst\u00fctzung? Stand heute gibt es 3 Beh\u00f6rdeng\u00e4nge, die zu erledigen sind:<\/p>\n\n\n\n<ol><li>Nothilfe beantragen: Beim Sozialamt der Stadt kann Nothilfe beantragt werden. Hierzu sind derzeit in Werne Herr \u00d6zdemir oder Herr Bielefeld anzusprechen. Am Besten ruft Ihr f\u00fcr einen Termin direkt bei den Herren an, hier bekommt Ihr auch weitere n\u00fctzliche Infos. Vorab k\u00f6nnt Ihr die P\u00e4sse an <a href=\"mailto:vl-asyl@werne.de\">vl-asyl@werne.de<\/a> senden, dann werden alle Unterlagen vorbereitet und es geht vor Ort dann schneller bzw. Ihr spart Euch einen Amtsgang. Alle 2 Wochen bekommen Eure G\u00e4ste dann einen Barscheck, der bei der Sparkasse eingel\u00f6st werden kann. Wichtig: Ihr bekommt auch eine &#8222;Nebenkostenunterst\u00fctzung&#8220;. Ihr m\u00fcsst aber aktiv nachfragen, man bekommt halt nichts geschenkt&#8230;<\/li><li>Meldebescheinigung: Diese gibt es im B\u00fcrgerb\u00fcro. In Werne ist dies nicht erforderlich, da das Sozialamt das B\u00fcrgerb\u00fcro informiert. Die Bescheinigung kommt dann per Post -> Der Name Eurer Gastfamilie sollte daher auf dem Briefkasten stehen.<\/li><li>Aufenthaltsgenehmigung: Diese gibt es bei der Ausl\u00e4nderbeh\u00f6rde des Kreises. Hierf\u00fcr wird Passfoto, Pass, Meldebescheinigung und ein vorausgef\u00fcllter Antrag ben\u00f6tigt. Den Antrag gibt es <a rel=\"noreferrer noopener\" href=\"https:\/\/www.kreis-unna.de\/fileadmin\/user_upload\/Kreishaus\/32\/pdf\/Antrag_Aufenthaltstitel.pdf\" target=\"_blank\">hier<\/a>. Dieser ist auch f\u00fcr Kinder erforderlich. Die Aufenthaltsgenehmigung ist zeitnah innerhalb von 90 Tagen einzuholen und die Voraussetzung daf\u00fcr, hier auch arbeiten zu d\u00fcrfen. Achtung (ggf. nur Kreis Unna): Es wird am Kreishaus eine FFP2-Maske ben\u00f6tigt. Weiterhin gilt aktuell 3G (Geimpft \/ Genesen \/ Getestet).<\/li><\/ol>\n\n\n\n<p>Wichtig: Es sollte kein Asyl beantragt werden. Dies ist durch eine Sonderregelung nicht notwendig.<\/p>\n\n\n\n<p>Eine pers\u00f6nliche Erfahrung: Es gehen in den ukrainischen Gruppen Ger\u00fcchte um, der Pass w\u00fcrde beispielsweise einbehalten werden. Dies war eine gro\u00dfe Sorge unseres Gastes, dass Sie das Land danach nicht mehr verlassen d\u00fcrfe. Hierbei handelt es sich vermutlich um russische Propaganda, nehmt Euren G\u00e4sten diese Sorge.<\/p>\n\n\n\n<h1><span class=\"ez-toc-section\" id=\"Telefon\"><\/span>Telefon<span class=\"ez-toc-section-end\"><\/span><\/h1>\n\n\n\n<p>Das wichtigste f\u00fcr unsere G\u00e4ste ist der Kontakt nach Hause, hierf\u00fcr wird eine SIM-Karte ben\u00f6tigt. In Werne haben wir das Gl\u00fcck, dass es im Handy Paradies in Werne eine SIM Karte von O2 f\u00fcr Ukrainer*innen kostenlos gibt. Da die Roaminggeb\u00fchren in die Ukraine derzeit erlassen werden, kommt man hiermit schon sehr weit. <\/p>\n\n\n\n<h1><span class=\"ez-toc-section\" id=\"Sprache\"><\/span>Sprache<span class=\"ez-toc-section-end\"><\/span><\/h1>\n\n\n\n<h2><span class=\"ez-toc-section\" id=\"Apps\"><\/span>Apps<span class=\"ez-toc-section-end\"><\/span><\/h2>\n\n\n\n<p>Zumindest bei uns ist weder Deutsch noch Englisch m\u00f6glich, nichtmal rudiment\u00e4r. Zum Gl\u00fcck gibt es mittlerweile 2 Apps, die quasi simultan \u00fcbersetzen k\u00f6nnen:<\/p>\n\n\n\n<ul><li>\u00dcbersetzen (Apple)<\/li><li>\u00dcbersetzer (Google)<\/li><\/ul>\n\n\n\n<p>So knapp 80% des Gesprochenen kommen gegen\u00fcber an. Es entstehen nat\u00fcrlich manchmal interessante Stilbl\u00fcten, mittlerweile wissen wir z.B. das &#8222;Ich gehe mein Pony streicheln&#8220; soviel wie Haare k\u00e4mmen \/ waschen bedeutet&#8230;<\/p>\n\n\n\n<p>Ich w\u00fcrde empfehlen, vor Ankunft Eurer G\u00e4ste die Bedienung der Apps einmal auszuprobieren (beispielsweise spricht einer englisch, der andere deutsch). Am Anfang fand ich es etwas hakelig, aber mittlerweile ist das kein Problem mehr. Sprecht langsam und deutlich und in m\u00f6glichst kurzen S\u00e4tzen, dann klappt es sehr gut.<\/p>\n\n\n\n<h2><span class=\"ez-toc-section\" id=\"Lernmaterial\"><\/span>Lernmaterial<span class=\"ez-toc-section-end\"><\/span><\/h2>\n\n\n\n<p>Bei Eduki gibt es wunderbare Sprachk\u00e4rtchen. Diese sind kostenlos und k\u00f6nnen einfach heruntergeladen und ausgedruckt werden. <a rel=\"noreferrer noopener\" href=\"https:\/\/eduki.com\/de\/material\/565612\/ukraine-kostenlose-konversationshilfe-deutsch-ukrainisch#\" target=\"_blank\">Hier geht es zu Eduki.<\/a><\/p>\n\n\n\n<p>Von der Fl\u00fcchtlingshilfe gibt es ein 30-seitiges PDF zum Start in die deutsche Sprache. <a href=\"http:\/\/fluechtlingshilfe-muenchen.de\/wp-content\/uploads\/2021\/10\/Fluechtlingshilfe_Deutschheft_Ukrainisch.pdf\" target=\"_blank\" rel=\"noreferrer noopener\">Das Heft kann hier heruntergeladen werden.<\/a><\/p>\n\n\n\n<p><\/p>\n\n\n\n<h1><span class=\"ez-toc-section\" id=\"Erstausstattung\"><\/span>Erstausstattung<span class=\"ez-toc-section-end\"><\/span><\/h1>\n\n\n\n<p>Bei der Ankunft wird es Euren G\u00e4sten an allem fehlen. Unterw\u00e4sche, Schuhe, dem Wetter angemessene Kleidung, um nur einige Beispiele zu nennen. <br>Im Sportlertreff in Bergkamen &#8211; R\u00fcnthe k\u00f6nnt Ihr Eure G\u00e4ste w\u00e4hrend der \u00d6ffnungszeiten mit gespendeter Kleidung, Bettw\u00e4sche, Lebensmitteln und \u00e4hnlichem versorgen.<br>Ge\u00f6ffnet ist hier immer Montags und Donnerstags 15-18 Uhr sowie Samstags 13-16 Uhr.<br>Adresse: <strong>Friedrich-Ebert-Platz 3, 59192 Bergkamen<\/strong><\/p>\n\n\n\n<h1><span class=\"ez-toc-section\" id=\"Kultureller_Austausch\"><\/span>Kultureller Austausch<span class=\"ez-toc-section-end\"><\/span><\/h1>\n\n\n\n<p>Einmal w\u00f6chentlich findet im Dietrich Bonhoeffer Zentrum in Werne ein ukrainisches Kaffee statt:<\/p>\n\n\n\n<div class=\"wp-block-columns\">\n<div class=\"wp-block-column\">\n<figure class=\"wp-block-image size-large\"><img loading=\"lazy\" width=\"724\" height=\"1024\" src=\"https:\/\/www.unleserlich.info\/wp-content\/uploads\/2022\/03\/WhatsApp-Image-2022-03-15-at-15.08.21.jpeg\" alt=\"\" class=\"wp-image-265\" srcset=\"https:\/\/www.unleserlich.info\/wp-content\/uploads\/2022\/03\/WhatsApp-Image-2022-03-15-at-15.08.21.jpeg 724w, https:\/\/www.unleserlich.info\/wp-content\/uploads\/2022\/03\/WhatsApp-Image-2022-03-15-at-15.08.21-212x300.jpeg 212w, https:\/\/www.unleserlich.info\/wp-content\/uploads\/2022\/03\/WhatsApp-Image-2022-03-15-at-15.08.21-660x933.jpeg 660w\" sizes=\"(max-width: 724px) 100vw, 724px\" \/><\/figure>\n<\/div>\n\n\n\n<div class=\"wp-block-column\">\n<figure class=\"wp-block-image size-large\"><img loading=\"lazy\" width=\"724\" height=\"1024\" src=\"https:\/\/www.unleserlich.info\/wp-content\/uploads\/2022\/03\/WhatsApp-Image-2022-03-15-at-15.09.48.jpeg\" alt=\"\" class=\"wp-image-266\" srcset=\"https:\/\/www.unleserlich.info\/wp-content\/uploads\/2022\/03\/WhatsApp-Image-2022-03-15-at-15.09.48.jpeg 724w, https:\/\/www.unleserlich.info\/wp-content\/uploads\/2022\/03\/WhatsApp-Image-2022-03-15-at-15.09.48-212x300.jpeg 212w, https:\/\/www.unleserlich.info\/wp-content\/uploads\/2022\/03\/WhatsApp-Image-2022-03-15-at-15.09.48-660x933.jpeg 660w\" sizes=\"(max-width: 724px) 100vw, 724px\" \/><\/figure>\n<\/div>\n<\/div>\n\n\n\n<h1><span class=\"ez-toc-section\" id=\"Arztbesuch\"><\/span>Arztbesuch<span class=\"ez-toc-section-end\"><\/span><\/h1>\n\n\n\n<p>Mangels Krankenkarte ist ein Arztbesuch nicht so einfach. Es wird zun\u00e4chst vom Sozialamt eine Arzt\u00fcberweisung ben\u00f6tigt (in Werne Herr \u00d6zdemir \/ Herr Bielefeld, s.o.), mit welcher dann ein Allgemeinmediziner \/ Hausarzt aufgesucht werden kann. Diese \u00dcberweisung ist nur 2 Wochen g\u00fcltig, es kann also nicht auf Vorrat eine \u00dcberweisung zur\u00fcckgelegt werden.<\/p>\n\n\n\n<p>Der Besuch eines Facharztes bedarf dann der \u00dcberweisung durch den Hausarzt. Diese \u00dcberweisung wird dann durch das Sozialamt nochmal von einem Amtsarzt gepr\u00fcft, erst dann ist der Facharztbesuch m\u00f6glich.<\/p>\n\n\n\n<p>Eigene Erfahrungen mit dem Arztbesuch haben wir zum Gl\u00fcck noch nicht. Obige Aussage beruht auf den Aussagen des Sozialamts. Sollte es doch einfacher gehen, hinterlasst mir gerne einen Kommentar. Weiterhin w\u00e4re ich \u00fcber Hinweise gl\u00fccklich, was am Wochenende oder im Notfall zu tun w\u00e4re.<\/p>\n\n\n\n<h1><span class=\"ez-toc-section\" id=\"Verschiedenes\"><\/span>Verschiedenes<span class=\"ez-toc-section-end\"><\/span><\/h1>\n\n\n\n<p>Viele Familien kommen mit Kindern hier an. Ein Kindersitz f\u00fcr das Auto k\u00f6nnte daher notwendig sein.<\/p>\n\n\n\n<h1><span class=\"ez-toc-section\" id=\"Links\"><\/span>Links<span class=\"ez-toc-section-end\"><\/span><\/h1>\n\n\n\n<p><a rel=\"noreferrer noopener\" href=\"https:\/\/www.kreis-unna.de\/ukraine\" target=\"_blank\">Infos vom Kreis Unna<\/a><\/p>\n\n\n\n<p><a href=\"https:\/\/www.bmi.bund.de\/SharedDocs\/faqs\/DE\/themen\/ministerium\/ukraine-krieg\/faq-liste-ukraine-krieg.html\" target=\"_blank\" rel=\"noreferrer noopener\">Infos vom Bund<\/a><\/p>\n","protected":false},"excerpt":{"rendered":"<p>Vor etwas \u00fcber einer Woche sind wir sehr spontan eine Gastfamilie f\u00fcr Raja aus der Ukraine geworden. Auf dieser Seite versuche ich, alle wichtigen Informationen zusammenzutragen, die man zum Start als Gastfamilie ben\u00f6tigt. Einige dieser Informationen sind ggf. nur f\u00fcr Werne relevant, einiges vielleicht speziell f\u00fcr den Kreis Unna. Beh\u00f6rdeng\u00e4nge Erste Frage nach dem ersten\u2026 <span class=\"read-more\"><a href=\"https:\/\/www.unleserlich.info\/?page_id=250\">Weiterlesen &raquo;<\/a><\/span><\/p>\n","protected":false},"author":1,"featured_media":269,"parent":0,"menu_order":0,"comment_status":"open","ping_status":"closed","template":"","meta":{"twitterCardType":"","cardImageID":0,"cardImage":"","cardTitle":"","cardDesc":"","cardImageAlt":"","cardPlayer":"","cardPlayerWidth":0,"cardPlayerHeight":0,"cardPlayerStream":"","cardPlayerCodec":""},"post_mailing_queue_ids":[],"_links":{"self":[{"href":"https:\/\/www.unleserlich.info\/index.php?rest_route=\/wp\/v2\/pages\/250"}],"collection":[{"href":"https:\/\/www.unleserlich.info\/index.php?rest_route=\/wp\/v2\/pages"}],"about":[{"href":"https:\/\/www.unleserlich.info\/index.php?rest_route=\/wp\/v2\/types\/page"}],"author":[{"embeddable":true,"href":"https:\/\/www.unleserlich.info\/index.php?rest_route=\/wp\/v2\/users\/1"}],"replies":[{"embeddable":true,"href":"https:\/\/www.unleserlich.info\/index.php?rest_route=%2Fwp%2Fv2%2Fcomments&post=250"}],"version-history":[{"count":15,"href":"https:\/\/www.unleserlich.info\/index.php?rest_route=\/wp\/v2\/pages\/250\/revisions"}],"predecessor-version":[{"id":283,"href":"https:\/\/www.unleserlich.info\/index.php?rest_route=\/wp\/v2\/pages\/250\/revisions\/283"}],"wp:featuredmedia":[{"embeddable":true,"href":"https:\/\/www.unleserlich.info\/index.php?rest_route=\/wp\/v2\/media\/269"}],"wp:attachment":[{"href":"https:\/\/www.unleserlich.info\/index.php?rest_route=%2Fwp%2Fv2%2Fmedia&parent=250"}],"curies":[{"name":"wp","href":"https:\/\/api.w.org\/{rel}","templated":true}]}}